{"id":551,"date":"2015-05-06T17:51:46","date_gmt":"2015-05-06T17:51:46","guid":{"rendered":"http:\/\/lannenvinttikoirat.net\/?page_id=551"},"modified":"2015-09-21T09:15:35","modified_gmt":"2015-09-21T09:15:35","slug":"tulokset-2015","status":"publish","type":"page","link":"https:\/\/lannenvinttikoirat.fi\/?page_id=551","title":{"rendered":"Tulokset 2015"},"content":{"rendered":"<h2>Kiihdytyskisojen tulokset:<\/h2>\n<h3>Ei-vinttikoirat<\/h3>\n<h4>Mini-luokka, alle 40cm<\/h4>\n<p style=\"text-align: center;\"><strong>1. Staffordshirenbullterrieri Eila 10.63 om.Riikka Dauksch-Virtanen, Eurajoki<\/strong><br \/>\n2. Bostoninterrieri Nasu 11.84 om.Melina Ylinentalo, Kiukainen<br \/>\n3. Jackrussellinterrieri Kalle 13.72 om.Kirsi Haapaniemi, Harjavalta<br \/>\n4. Sk kettuterrieri Kelmi 16.59 om.Janne Aakula, Kullaa<\/p>\n<h4>Midi-luokka, 40-60cm<\/h4>\n<p style=\"text-align: center;\"><strong>1. Seiskarinkoira Rolle 7.68 om.Juha-Tapio Anttonen, Ulvila<\/strong><br \/>\n2. Dobermanni Miina 8.45 om.Hannu Saraste, Nakkila<br \/>\n3. Bordercollie Roki 10.30 om.Sami Keskinen, Keuruu<br \/>\n4. Espanjanvesikoira Pedro 10.82 om.Miamari Lehtonen, Rauma<br \/>\n5. X-rotu Jami 10.83 om.Sanna Kauppi, Eurajoki<br \/>\n6. Espanjanvesikoira Luca 15.78 om.Miamari Lehtonen, Rauma<\/p>\n<h4>Maxi-luokka, yli 60cm<\/h4>\n<p style=\"text-align: center;\"><strong>1. Bordercollie Capo 8.20 om.Sami Keskinen, Keuruu<\/strong><br \/>\n2. X-rotu Lara 9.07 om.Jenni M\u00e4ki, Kokem\u00e4ki<br \/>\n3. X-rotu Iita 9.64 om.Jenni M\u00e4ki, Kokem\u00e4ki<br \/>\n4. Isovillakoira Felice 9.68 om.Marjo Jasu, Rauma<br \/>\n5. Labradorinnoutaja Leo 10.50 om.Iida Tamminen, Pori<br \/>\n6. X-rotu Jaajo 11.01 om.Jenni M\u00e4ki<\/p>\n<h3>Vinttikoirat<\/h3>\n<h4>Pienet<\/h4>\n<p style=\"text-align: center;\"><strong>1. whippet Diva 6.43 om.Niina M\u00e4kinen, Pori (BIS-VINTTIKOIRA)<\/strong><br \/>\n2. whippet Sulo 6.59 om.Riikka M\u00e4ki, Pori<br \/>\n3. whippet Karem 6.63 om.Sanna Varis, Luvia<br \/>\n4. whippet Osku 8.47 om.Mirja Jokimaa, Nakkila<\/p>\n<h4>Keskikokoiset<\/h4>\n<p style=\"text-align: center;\"><strong>1. saluki Candy 7.20 om.Tiina Kopra, Eurajoki<\/strong><br \/>\n2. saluki Felix 7.26 om.Tiina Kopra, Eurajoki<\/p>\n<h4>Isot<\/h4>\n<p style=\"text-align: center;\"><strong>1. Irlanninsusikoira Salli 8.17 om.Tiina Vuorela, K\u00f6yli\u00f6<\/strong><\/p>\n<hr \/>\n<p>&nbsp;<\/p>\n<h2>Match Show:n tulokset:<\/h2>\n<h3>Pienet pennut (alle 40cm)<\/h3>\n<p style=\"text-align: center;\"><strong>punaiset:<\/strong><br \/>\n1. pomeranian Windi<br \/>\n2. pk m\u00e4yr\u00e4koira Reino<br \/>\n3. staffordshirenbullterrieri Hera<br \/>\n4. kooikerhondje Nano<\/p>\n<p style=\"text-align: center;\"><strong>siniset:<\/strong><br \/>\n1. kooikerhondje Nappi<br \/>\n2. lancashire heeler Lila<br \/>\n3. tiibetinspanieli Usma<br \/>\n4. mopsi Lyyli<\/p>\n<h3>Isot pennut (yli 40cm)<\/h3>\n<p style=\"text-align: center;\"><strong>punaiset:<\/strong><br \/>\n1. dogo canario Liru<br \/>\n2. alaskanmalamuutti Inna<br \/>\n3. borzoi Grontti<br \/>\n4. saksanpaimenkoira Ares<\/p>\n<p style=\"text-align: center;\"><strong>siniset:<\/strong><br \/>\n1. eurasier Ina<br \/>\n2. saksanpaimenkoira Poju<br \/>\n3. berninpaimenkoira Asta<br \/>\n4. siperianhusky Sissi<\/p>\n<h3>Pienet aikuiset (alle 40cm)<\/h3>\n<p style=\"text-align: center;\"><strong>punaiset:<\/strong><br \/>\n1 .k\u00e4\u00e4pi\u00f6snautseri Gianni<br \/>\n2. chihuahua Bobo<br \/>\n3. kooikerhondje Merlin<br \/>\n4. norwichinterrieri Sissi<\/p>\n<p style=\"text-align: center;\"><strong>siniset:<\/strong><br \/>\n1. k\u00e4\u00e4pi\u00f6snautseri Kaapo<br \/>\n2. jack russell Prada<br \/>\n3. x-rotu Veeti<br \/>\n4. skyenterrieri Liinu<\/p>\n<h3>Isot aikuiset (yli 40cm)<\/h3>\n<p style=\"text-align: center;\"><strong>punaiset:<\/strong><br \/>\n1. alaskanmalamuutti Koda<br \/>\n2. tanskandoggi Jehu<br \/>\n3. eurasier Ani<br \/>\n4. irlanninsusikoira Salli<\/p>\n<p style=\"text-align: center;\"><strong>siniset:<\/strong><br \/>\n1. borzoi Lara<br \/>\n2. newfoundlandinkoira Otto<br \/>\n3. suomenlapinkoira Neela<br \/>\n4. newfoundlandinkoira Aku<\/p>\n<h3>Veteraanit (yli 8v.)<\/h3>\n<p style=\"text-align: center;\"><strong>punaiset:<\/strong><br \/>\n1. irlanninvesispanieli Rene<\/p>\n<p style=\"text-align: center;\"><strong>siniset:<\/strong><br \/>\n1. x-rotu Jami<\/p>\n<h3>BIS-keh\u00e4<\/h3>\n<p style=\"text-align: center;\"><strong>BIS-1<\/strong> k\u00e4\u00e4pi\u00f6snautseri Gianni om Marika Jussila<br \/>\n<strong>BIS-2<\/strong> alaskanmalamuutti Koda om.Johanna Lindqvist<br \/>\n<strong>BIS-3<\/strong> eurasier Ina om.Emmi-Lotta Pirhonen<br \/>\n<strong>BIS-4<\/strong> pomeranian Windi om.Hannele Laihonen<\/p>\n","protected":false},"excerpt":{"rendered":"<p>Kiihdytyskisojen tulokset: Ei-vinttikoirat Mini-luokka, alle 40cm 1. Staffordshirenbullterrieri Eila 10.63 om.Riikka Dauksch-Virtanen, Eurajoki 2. Bostoninterrieri Nasu 11.84 om.Melina Ylinentalo, Kiukainen 3. Jackrussellinterrieri Kalle 13.72 om.Kirsi Haapaniemi, Harjavalta 4. Sk kettuterrieri Kelmi 16.59 om.Janne Aakula, Kullaa Midi-luokka, 40-60cm 1. Seiskarinkoira Rolle 7.68 om.Juha-Tapio Anttonen, Ulvila 2. Dobermanni Miina 8.45 om.Hannu Saraste, Nakkila 3. Bordercollie Roki 10.30 [&hellip;]<\/p>\n","protected":false},"author":3,"featured_media":0,"parent":0,"menu_order":0,"comment_status":"open","ping_status":"open","template":"","meta":{"footnotes":""},"class_list":["post-551","page","type-page","status-publish","hentry"],"_links":{"self":[{"href":"https:\/\/lannenvinttikoirat.fi\/index.php?rest_route=\/wp\/v2\/pages\/551","targetHints":{"allow":["GET"]}}],"collection":[{"href":"https:\/\/lannenvinttikoirat.fi\/index.php?rest_route=\/wp\/v2\/pages"}],"about":[{"href":"https:\/\/lannenvinttikoirat.fi\/index.php?rest_route=\/wp\/v2\/types\/page"}],"author":[{"embeddable":true,"href":"https:\/\/lannenvinttikoirat.fi\/index.php?rest_route=\/wp\/v2\/users\/3"}],"replies":[{"embeddable":true,"href":"https:\/\/lannenvinttikoirat.fi\/index.php?rest_route=%2Fwp%2Fv2%2Fcomments&post=551"}],"version-history":[{"count":8,"href":"https:\/\/lannenvinttikoirat.fi\/index.php?rest_route=\/wp\/v2\/pages\/551\/revisions"}],"predecessor-version":[{"id":572,"href":"https:\/\/lannenvinttikoirat.fi\/index.php?rest_route=\/wp\/v2\/pages\/551\/revisions\/572"}],"wp:attachment":[{"href":"https:\/\/lannenvinttikoirat.fi\/index.php?rest_route=%2Fwp%2Fv2%2Fmedia&parent=551"}],"curies":[{"name":"wp","href":"https:\/\/api.w.org\/{rel}","templated":true}]}}