{"id":642,"date":"2016-08-19T09:14:16","date_gmt":"2016-08-19T09:14:16","guid":{"rendered":"http:\/\/lannenvinttikoirat.net\/?page_id=642"},"modified":"2025-05-12T21:49:01","modified_gmt":"2025-05-12T21:49:01","slug":"harjoitukset","status":"publish","type":"page","link":"https:\/\/lannenvinttikoirat.fi\/?page_id=642","title":{"rendered":"Harjoitukset"},"content":{"rendered":"\n<h4 class=\"wp-block-heading\"><strong>HARJOITUKSET 2025<\/strong><\/h4>\n\n\n\n<p>Seuraavat maastoharjoitukset on suunniteltu pidett\u00e4v\u00e4ksi <br>Ke 14.5.<br>Ke 21.5.<br>Ke 28.5.<br>Paikka: Eurantie 299, 29200 Harjavalta.<br><br>Ilmoittautuminen harjoitukseen:<br>* avautuu sunnuntaina klo 12.00<br>* sulkeutuu keskiviikkona klo 15.00<\/p>\n\n\n\n<p>Maksut per veto: 5\u20ac j\u00e4sen ja 10\u20ac ei-j\u00e4sen<\/p>\n\n\n\n<p><strong>HUOM! Harjoituksia ei pidet\u00e4 jos ilmoittautuneita on alle 5.<\/strong><\/p>\n\n\n\n<p><a href=\"https:\/\/docs.google.com\/spreadsheets\/d\/1pMwZNhZNiOmeAB1BDOcN_rMyh8asN8pIXwqaYLLFqEo\/edit?fbclid=IwY2xjawKPKxpleHRuA2FlbQIxMABicmlkETBUTnh3VUVxY084MHdtRTFsAR47xczheu_5-SUi1rbL_G0VUE8PXlTAigOeWr01SsCWzmkvog4XaYGAb8lLMA_aem_8YJarReVZdZcTr9Yr3QfMg&amp;gid=865171073#gid=865171073\" data-type=\"link\" data-id=\"https:\/\/docs.google.com\/spreadsheets\/d\/1pMwZNhZNiOmeAB1BDOcN_rMyh8asN8pIXwqaYLLFqEo\/edit?fbclid=IwY2xjawKPKxpleHRuA2FlbQIxMABicmlkETBUTnh3VUVxY084MHdtRTFsAR47xczheu_5-SUi1rbL_G0VUE8PXlTAigOeWr01SsCWzmkvog4XaYGAb8lLMA_aem_8YJarReVZdZcTr9Yr3QfMg&amp;gid=865171073#gid=865171073\">Linkki ilmoittautumiseen<\/a><br><\/p>\n\n\n\n<p><strong>Huomautus:<\/strong>&nbsp;Mik\u00e4li harjoitus joudutaan perumaan esim.&nbsp;huonon s\u00e4\u00e4n \u2013 sateen tai helteen \u2013&nbsp;takia,&nbsp;siit\u00e4 tiedotetaan kerhon Facebook sivulla.<\/p>\n\n\n\n<figure class=\"wp-block-image size-large\"><a href=\"https:\/\/lannenvinttikoirat.fi\/wp-content\/uploads\/2025\/05\/Ohjeet.jpg\"><img loading=\"lazy\" decoding=\"async\" width=\"724\" height=\"1024\" src=\"https:\/\/lannenvinttikoirat.fi\/wp-content\/uploads\/2025\/05\/Ohjeet-724x1024.jpg\" alt=\"\" class=\"wp-image-938\" srcset=\"https:\/\/lannenvinttikoirat.fi\/wp-content\/uploads\/2025\/05\/Ohjeet-724x1024.jpg 724w, https:\/\/lannenvinttikoirat.fi\/wp-content\/uploads\/2025\/05\/Ohjeet-212x300.jpg 212w, https:\/\/lannenvinttikoirat.fi\/wp-content\/uploads\/2025\/05\/Ohjeet-768x1086.jpg 768w, https:\/\/lannenvinttikoirat.fi\/wp-content\/uploads\/2025\/05\/Ohjeet-1086x1536.jpg 1086w, https:\/\/lannenvinttikoirat.fi\/wp-content\/uploads\/2025\/05\/Ohjeet-1448x2048.jpg 1448w, https:\/\/lannenvinttikoirat.fi\/wp-content\/uploads\/2025\/05\/Ohjeet.jpg 1587w\" sizes=\"auto, (max-width: 724px) 100vw, 724px\" \/><\/a><\/figure>\n\n\n\n<ul class=\"wp-block-list\">\n<li>Odota rauhassa omaa vuoroasi, seuraa kuulutuksia ja tule radalle vasta kun edellinen koira on poistunut<\/li>\n\n\n\n<li>Ota mukaan juotavaa koiralle, treenialueilla ei ole vesipistett\u00e4!<\/li>\n\n\n\n<li>Jokainen osallistuu harjoituksiin omalla vastuullaan<\/li>\n\n\n\n<li>Eth\u00e4n tuo juoksuista narttua treeneihin<\/li>\n<\/ul>\n\n\n\n<p><\/p>\n","protected":false},"excerpt":{"rendered":"<p>HARJOITUKSET 2025 Seuraavat maastoharjoitukset on suunniteltu pidett\u00e4v\u00e4ksi Ke 14.5.Ke 21.5.Ke 28.5.Paikka: Eurantie 299, 29200 Harjavalta. Ilmoittautuminen harjoitukseen:* avautuu sunnuntaina klo 12.00* sulkeutuu keskiviikkona klo 15.00 Maksut per veto: 5\u20ac j\u00e4sen ja 10\u20ac ei-j\u00e4sen HUOM! Harjoituksia ei pidet\u00e4 jos ilmoittautuneita on alle 5. Linkki ilmoittautumiseen Huomautus:&nbsp;Mik\u00e4li harjoitus joudutaan perumaan esim.&nbsp;huonon s\u00e4\u00e4n \u2013 sateen tai helteen \u2013&nbsp;takia,&nbsp;siit\u00e4 [&hellip;]<\/p>\n","protected":false},"author":3,"featured_media":0,"parent":0,"menu_order":0,"comment_status":"closed","ping_status":"closed","template":"","meta":{"footnotes":""},"class_list":["post-642","page","type-page","status-publish","hentry"],"_links":{"self":[{"href":"https:\/\/lannenvinttikoirat.fi\/index.php?rest_route=\/wp\/v2\/pages\/642","targetHints":{"allow":["GET"]}}],"collection":[{"href":"https:\/\/lannenvinttikoirat.fi\/index.php?rest_route=\/wp\/v2\/pages"}],"about":[{"href":"https:\/\/lannenvinttikoirat.fi\/index.php?rest_route=\/wp\/v2\/types\/page"}],"author":[{"embeddable":true,"href":"https:\/\/lannenvinttikoirat.fi\/index.php?rest_route=\/wp\/v2\/users\/3"}],"replies":[{"embeddable":true,"href":"https:\/\/lannenvinttikoirat.fi\/index.php?rest_route=%2Fwp%2Fv2%2Fcomments&post=642"}],"version-history":[{"count":4,"href":"https:\/\/lannenvinttikoirat.fi\/index.php?rest_route=\/wp\/v2\/pages\/642\/revisions"}],"predecessor-version":[{"id":940,"href":"https:\/\/lannenvinttikoirat.fi\/index.php?rest_route=\/wp\/v2\/pages\/642\/revisions\/940"}],"wp:attachment":[{"href":"https:\/\/lannenvinttikoirat.fi\/index.php?rest_route=%2Fwp%2Fv2%2Fmedia&parent=642"}],"curies":[{"name":"wp","href":"https:\/\/api.w.org\/{rel}","templated":true}]}}