{"id":90,"date":"2013-02-13T11:04:34","date_gmt":"2013-02-13T11:04:34","guid":{"rendered":"http:\/\/lannenvinttikoirat.net\/?page_id=90"},"modified":"2013-02-13T11:04:34","modified_gmt":"2013-02-13T11:04:34","slug":"tulokset-2010","status":"publish","type":"page","link":"https:\/\/lannenvinttikoirat.fi\/?page_id=90","title":{"rendered":"Tulokset 2010"},"content":{"rendered":"<h2>KIRJURINLUODON KIIHDYTYSKISAT 26.09.2010<\/h2>\n<p><center>Juostava matka 100 metri\u00e4.<\/p>\n<p><strong><em>Huom! Tutkan mittaamat km\/h nopeudet ovat mittaushetkell\u00e4 vallinneita nopeuksia,<br \/>\neiv\u00e4t siis keskituntinopeuksia!<\/em><\/strong><\/p>\n<p>&nbsp;<\/p>\n<h3><strong>Ven\u00e4j\u00e4nvinttikoira<\/strong><\/h3>\n<table width=\"533\" border=\"0\">\n<tbody>\n<tr>\n<td width=\"35\"><strong>Sij.<\/strong><\/td>\n<td width=\"171\"><strong>Nimi<\/strong><\/td>\n<td width=\"164\"><strong>Omistaja<\/strong><\/td>\n<td width=\"73\"><strong>Aika<\/strong><\/td>\n<td width=\"68\"><strong>km\/h<\/strong><\/td>\n<\/tr>\n<tr>\n<td>1.<\/td>\n<td>Lara<\/td>\n<td>Marika Elomaa<\/td>\n<td>08.285<\/td>\n<td>54<\/td>\n<\/tr>\n<\/tbody>\n<\/table>\n<p>&nbsp;<\/p>\n<h3><strong>Espanjanvinttikoira<\/strong><\/h3>\n<table width=\"533\" border=\"0\">\n<tbody>\n<tr>\n<td width=\"35\"><strong>Sij.<\/strong><\/td>\n<td width=\"171\"><strong>Nimi<\/strong><\/td>\n<td width=\"164\"><strong>Omistaja<\/strong><\/td>\n<td width=\"73\"><strong>Aika<\/strong><\/td>\n<td width=\"68\"><strong>km\/h<\/strong><\/td>\n<\/tr>\n<tr>\n<td>1.<\/td>\n<td>Omar<\/td>\n<td>Riikka M\u00e4ki<\/td>\n<td>07.877<\/td>\n<td>54<\/td>\n<\/tr>\n<\/tbody>\n<\/table>\n<p>&nbsp;<\/p>\n<h3><strong>Englanninvinttikoira<\/strong><\/h3>\n<table width=\"533\" border=\"0\">\n<tbody>\n<tr>\n<td width=\"35\"><strong>Sij.<\/strong><\/td>\n<td width=\"171\"><strong>Nimi<\/strong><\/td>\n<td width=\"164\"><strong>Omistaja<\/strong><\/td>\n<td width=\"73\"><strong>Aika<\/strong><\/td>\n<td width=\"68\"><strong>km\/h<\/strong><\/td>\n<\/tr>\n<tr>\n<td>1.<\/td>\n<td>Jasperi<\/td>\n<td>Arto Valonen<\/td>\n<td>06.718<\/td>\n<td>66<\/td>\n<\/tr>\n<\/tbody>\n<\/table>\n<p>&nbsp;<\/p>\n<h3><strong>Saluki<\/strong><\/h3>\n<table width=\"533\" border=\"0\">\n<tbody>\n<tr>\n<td width=\"35\"><strong>Sij.<\/strong><\/td>\n<td width=\"171\"><strong>Nimi<\/strong><\/td>\n<td width=\"164\"><strong>Omistaja<\/strong><\/td>\n<td width=\"73\"><strong>Aika<\/strong><\/td>\n<td width=\"68\"><strong>km\/h<\/strong><\/td>\n<\/tr>\n<tr>\n<td>1.<\/td>\n<td>Osmo<\/td>\n<td>Lilli Alaoutinen<\/td>\n<td>07.941<\/td>\n<td>54<\/td>\n<\/tr>\n<tr>\n<td>2.<\/td>\n<td>Nalle<\/td>\n<td>Kaija Allonen<\/td>\n<td>08.187<\/td>\n<td>51<\/td>\n<\/tr>\n<\/tbody>\n<\/table>\n<p>&nbsp;<\/p>\n<h3><strong>Rhodesiankoira<\/strong><\/h3>\n<table width=\"533\" border=\"0\">\n<tbody>\n<tr>\n<td width=\"35\"><strong>Sij.<\/strong><\/td>\n<td width=\"171\"><strong>Nimi<\/strong><\/td>\n<td width=\"164\"><strong>Omistaja<\/strong><\/td>\n<td width=\"73\"><strong>Aika<\/strong><\/td>\n<td width=\"68\"><strong>km\/h<\/strong><\/td>\n<\/tr>\n<tr>\n<td>1.<\/td>\n<td>Tiiu<\/td>\n<td>M&amp;P Ruohom\u00e4ki<\/td>\n<td>08.910<\/td>\n<td>49<\/td>\n<\/tr>\n<tr>\n<td>2.<\/td>\n<td>Maikki<\/td>\n<td>Jukka H\u00e4yrinen<\/td>\n<td>10.072<\/td>\n<td>43<\/td>\n<\/tr>\n<tr>\n<td><\/td>\n<td>Vote<\/td>\n<td>Milja M\u00e4kinen &amp; Vesa Karjalainen<\/td>\n<td>&#8212;-<\/td>\n<td>36<\/td>\n<\/tr>\n<\/tbody>\n<\/table>\n<p>&nbsp;<\/p>\n<h3><strong>Whippet<\/strong><\/h3>\n<table width=\"533\" border=\"0\">\n<tbody>\n<tr>\n<td width=\"35\"><strong>Sij.<\/strong><\/td>\n<td width=\"171\"><strong>Nimi<\/strong><\/td>\n<td width=\"164\"><strong>Omistaja<\/strong><\/td>\n<td width=\"73\"><strong>Aika<\/strong><\/td>\n<td width=\"68\"><strong>km\/h<\/strong><\/td>\n<\/tr>\n<tr>\n<td>1.<\/td>\n<td>Kira<\/td>\n<td>Marika Elomaa<\/td>\n<td>07.376<\/td>\n<td>51<\/td>\n<\/tr>\n<tr>\n<td>2.<\/td>\n<td>Luna<\/td>\n<td>Niina M\u00e4kinen<\/td>\n<td>07.489<\/td>\n<td>55<\/td>\n<\/tr>\n<tr>\n<td>3.<\/td>\n<td>Koukku<\/td>\n<td>Marika Elomaa<\/td>\n<td>07.507<\/td>\n<td>56<\/td>\n<\/tr>\n<tr>\n<td>4.<\/td>\n<td>Karem<\/td>\n<td>Sanna Varis<\/td>\n<td>07.832<\/td>\n<td>52<\/td>\n<\/tr>\n<tr>\n<td>5.<\/td>\n<td>Zara<\/td>\n<td>Niina M\u00e4kinen<\/td>\n<td>07.945<\/td>\n<td>54<\/td>\n<\/tr>\n<tr>\n<td>6.<\/td>\n<td>Osku<\/td>\n<td>Pasi Jokimaa<\/td>\n<td>08.820<\/td>\n<td>47<\/td>\n<\/tr>\n<\/tbody>\n<\/table>\n<p>&nbsp;<\/p>\n<h3><strong>Pennut<\/strong><\/h3>\n<table width=\"533\" border=\"0\">\n<tbody>\n<tr>\n<td><strong>Sij.<\/strong><\/td>\n<td><strong>Nimi<\/strong><\/td>\n<td><strong>Omistaja<\/strong><\/td>\n<td><strong>Aika<\/strong><\/td>\n<td><strong>km\/h<\/strong><\/td>\n<\/tr>\n<tr>\n<td width=\"35\">1.<\/td>\n<td width=\"171\">Minni, whippet<\/td>\n<td width=\"164\">Mari Nieminen<\/td>\n<td width=\"73\">07.889<\/td>\n<td width=\"68\">44<\/td>\n<\/tr>\n<tr>\n<td>2.<\/td>\n<td>Malin, saluki<\/td>\n<td>Kaija Allonen<\/td>\n<td>10.867<\/td>\n<td>39<\/td>\n<\/tr>\n<\/tbody>\n<\/table>\n<p>&nbsp;<\/p>\n<h3><strong>Ei-Vinttikoirat, Pienet<\/strong><\/h3>\n<table width=\"533\" border=\"0\">\n<tbody>\n<tr>\n<td><strong>Sij.<\/strong><\/td>\n<td><strong>Nimi<\/strong><\/td>\n<td><strong>Rotu<\/strong><\/td>\n<td><strong>Omistaja<\/strong><\/td>\n<td><strong>Aika<\/strong><\/td>\n<td><strong>km\/h<\/strong><\/td>\n<\/tr>\n<tr>\n<td width=\"29\">1.<\/td>\n<td width=\"88\">Luna<\/td>\n<td width=\"119\">x-rotu<\/td>\n<td width=\"166\">Janika Wingstr\u00f6m<\/td>\n<td width=\"63\">10.644<\/td>\n<td width=\"42\">40<\/td>\n<\/tr>\n<tr>\n<td>2.<\/td>\n<td>Figo<\/td>\n<td>k\u00e4\u00e4pi\u00f6pinseri<\/td>\n<td>Karoliina Tuori<\/td>\n<td>13.306<\/td>\n<td>30<\/td>\n<\/tr>\n<tr>\n<td>3.<\/td>\n<td>Penni<\/td>\n<td>k\u00e4\u00e4pi\u00f6pinseri<\/td>\n<td>Henna P\u00f6ysti<\/td>\n<td>20.249<\/td>\n<td>27<\/td>\n<\/tr>\n<tr>\n<td><\/td>\n<td>Snadi<\/td>\n<td>k\u00e4\u00e4pi\u00f6m\u00e4yr\u00e4koira<\/td>\n<td>Tiina Kuusisto<\/td>\n<td>&#8212;&#8211;<\/td>\n<td>10<\/td>\n<\/tr>\n<\/tbody>\n<\/table>\n<p>&nbsp;<\/p>\n<h3><strong>Ei-Vinttikoirat, Isot <\/strong><\/h3>\n<table width=\"533\" border=\"0\">\n<tbody>\n<tr>\n<td><strong>Sij.<\/strong><\/td>\n<td><strong>Nimi<\/strong><\/td>\n<td><strong>Rotu<\/strong><\/td>\n<td><strong>Omistaja<\/strong><\/td>\n<td><strong>Aika<\/strong><\/td>\n<td><strong>km\/h<\/strong><\/td>\n<\/tr>\n<tr>\n<td width=\"29\">1.<\/td>\n<td width=\"88\">Jaajo<\/td>\n<td width=\"119\">x-rotu<\/td>\n<td width=\"166\">Jenni M\u00e4ki<\/td>\n<td width=\"63\">08.699<\/td>\n<td width=\"42\">44<\/td>\n<\/tr>\n<tr>\n<td>2.<\/td>\n<td>Nefer<\/td>\n<td>x-rotu<\/td>\n<td>Marissa Marjam\u00e4ki<\/td>\n<td>08.720<\/td>\n<td>40<\/td>\n<\/tr>\n<tr>\n<td>3.<\/td>\n<td>Ruuti<\/td>\n<td>bokseri<\/td>\n<td>Leena Pohjaranta<\/td>\n<td>08.769<\/td>\n<td>47<\/td>\n<\/tr>\n<tr>\n<td>4.<\/td>\n<td>Zack<\/td>\n<td>australianpaimenk.<\/td>\n<td>Satu Kauppinen<\/td>\n<td>09.675<\/td>\n<td>47<\/td>\n<\/tr>\n<tr>\n<td>5.<\/td>\n<td>Chico<\/td>\n<td>x-rotu<\/td>\n<td>Niina M\u00e4ki-Kihni\u00e4<\/td>\n<td>09.876<\/td>\n<td>39<\/td>\n<\/tr>\n<tr>\n<td>6.<\/td>\n<td>Netta<\/td>\n<td>pinseri<\/td>\n<td>Janica Korpela<\/td>\n<td>17.329<\/td>\n<td>44<\/td>\n<\/tr>\n<tr>\n<td>7.<\/td>\n<td>Miro<\/td>\n<td>x-rotu<\/td>\n<td>Salli Airesto<\/td>\n<td>25.907<\/td>\n<td>27<\/td>\n<\/tr>\n<tr>\n<td>8.<\/td>\n<td>Kasper<\/td>\n<td>x-rotu<\/td>\n<td>Jenni Taipalmaa<\/td>\n<td>33.054<\/td>\n<td>33<\/td>\n<\/tr>\n<tr>\n<td><\/td>\n<td>Kaapo<\/td>\n<td>australiankelpie<\/td>\n<td>Karoliina Tuori<\/td>\n<td>&#8212;-<\/td>\n<td>36<\/td>\n<\/tr>\n<\/tbody>\n<\/table>\n<hr \/>\n<h2>SPRINTTI-ILLAN TULOKSET 29.07.2010<\/h2>\n<h3>Pienet Koirat 100m<\/h3>\n<table width=\"362\" border=\"0\">\n<tbody>\n<tr>\n<td height=\"26\"><strong>sij.<\/strong><\/td>\n<td><strong>Nimi<\/strong><\/td>\n<td><strong>aika<\/strong><\/td>\n<td><strong>nopeus km\/h <\/strong><\/td>\n<\/tr>\n<tr>\n<td width=\"24\" height=\"26\">1.<\/td>\n<td width=\"160\">Minni<\/td>\n<td width=\"74\">8,501<\/td>\n<td width=\"86\">42,3<\/td>\n<\/tr>\n<tr>\n<td height=\"28\">2.<\/td>\n<td>Kalle<\/td>\n<td>kesk.<\/td>\n<td>&#8212;<\/td>\n<\/tr>\n<tr>\n<td height=\"25\">3.<\/td>\n<td>Peppi<\/td>\n<td>kesk.<\/td>\n<td>&#8212;<\/td>\n<\/tr>\n<\/tbody>\n<\/table>\n<p>&nbsp;<\/p>\n<h3>Isot Koirat 100m<\/h3>\n<table width=\"362\" border=\"0\">\n<tbody>\n<tr>\n<td height=\"28\"><strong>sij.<\/strong><\/td>\n<td><strong>Nimi<\/strong><\/td>\n<td><strong>aika<\/strong><\/td>\n<td><strong>nopeus km\/h <\/strong><\/td>\n<\/tr>\n<tr>\n<td width=\"24\" height=\"28\">1.<\/td>\n<td width=\"160\">Hessu<\/td>\n<td width=\"74\">7,016<\/td>\n<td width=\"86\">51,3<\/td>\n<\/tr>\n<tr>\n<td height=\"27\">2.<\/td>\n<td>Kira<\/td>\n<td>7,017<\/td>\n<td>51,3<\/td>\n<\/tr>\n<tr>\n<td height=\"26\">3.<\/td>\n<td>Odessa<\/td>\n<td>7,132<\/td>\n<td>50,5<\/td>\n<\/tr>\n<tr>\n<td height=\"26\">4.<\/td>\n<td>Saana<\/td>\n<td>7,209<\/td>\n<td>49,9<\/td>\n<\/tr>\n<tr>\n<td height=\"25\">5.<\/td>\n<td>Ozzy<\/td>\n<td>7,221<\/td>\n<td>49,9<\/td>\n<\/tr>\n<tr>\n<td height=\"26\">6.<\/td>\n<td>Konrad<\/td>\n<td>7,272<\/td>\n<td>49,5<\/td>\n<\/tr>\n<tr>\n<td height=\"26\">7.<\/td>\n<td>Koukku<\/td>\n<td>7,349<\/td>\n<td>49<\/td>\n<\/tr>\n<tr>\n<td height=\"26\">8.<\/td>\n<td>Hero<\/td>\n<td>7,401<\/td>\n<td>48,6<\/td>\n<\/tr>\n<tr>\n<td height=\"27\">9.<\/td>\n<td>Iines<\/td>\n<td>7,528<\/td>\n<td>47,8<\/td>\n<\/tr>\n<tr>\n<td height=\"25\">10.<\/td>\n<td>Sony<\/td>\n<td>7,712<\/td>\n<td>46,7<\/td>\n<\/tr>\n<tr>\n<td height=\"25\">11.<\/td>\n<td>Enska<\/td>\n<td>7,914<\/td>\n<td>45,5<\/td>\n<\/tr>\n<tr>\n<td height=\"26\">12.<\/td>\n<td>Jaffa<\/td>\n<td>8,499<\/td>\n<td>42,4<\/td>\n<\/tr>\n<tr>\n<td height=\"25\">13.<\/td>\n<td>Lara<\/td>\n<td>8,563<\/td>\n<td>42<\/td>\n<\/tr>\n<tr>\n<td height=\"28\">14.<\/td>\n<td>Sara<\/td>\n<td>8,641<\/td>\n<td>41,7<\/td>\n<\/tr>\n<\/tbody>\n<\/table>\n<p><\/center><\/p>\n","protected":false},"excerpt":{"rendered":"<p>KIRJURINLUODON KIIHDYTYSKISAT 26.09.2010 Juostava matka 100 metri\u00e4. Huom! Tutkan mittaamat km\/h nopeudet ovat mittaushetkell\u00e4 vallinneita nopeuksia, eiv\u00e4t siis keskituntinopeuksia! &nbsp; Ven\u00e4j\u00e4nvinttikoira Sij. Nimi Omistaja Aika km\/h 1. Lara Marika Elomaa 08.285 54 &nbsp; Espanjanvinttikoira Sij. Nimi Omistaja Aika km\/h 1. Omar Riikka M\u00e4ki 07.877 54 &nbsp; Englanninvinttikoira Sij. Nimi Omistaja Aika km\/h 1. Jasperi Arto [&hellip;]<\/p>\n","protected":false},"author":3,"featured_media":0,"parent":0,"menu_order":0,"comment_status":"open","ping_status":"open","template":"","meta":{"footnotes":""},"class_list":["post-90","page","type-page","status-publish","hentry"],"_links":{"self":[{"href":"https:\/\/lannenvinttikoirat.fi\/index.php?rest_route=\/wp\/v2\/pages\/90","targetHints":{"allow":["GET"]}}],"collection":[{"href":"https:\/\/lannenvinttikoirat.fi\/index.php?rest_route=\/wp\/v2\/pages"}],"about":[{"href":"https:\/\/lannenvinttikoirat.fi\/index.php?rest_route=\/wp\/v2\/types\/page"}],"author":[{"embeddable":true,"href":"https:\/\/lannenvinttikoirat.fi\/index.php?rest_route=\/wp\/v2\/users\/3"}],"replies":[{"embeddable":true,"href":"https:\/\/lannenvinttikoirat.fi\/index.php?rest_route=%2Fwp%2Fv2%2Fcomments&post=90"}],"version-history":[{"count":1,"href":"https:\/\/lannenvinttikoirat.fi\/index.php?rest_route=\/wp\/v2\/pages\/90\/revisions"}],"predecessor-version":[{"id":91,"href":"https:\/\/lannenvinttikoirat.fi\/index.php?rest_route=\/wp\/v2\/pages\/90\/revisions\/91"}],"wp:attachment":[{"href":"https:\/\/lannenvinttikoirat.fi\/index.php?rest_route=%2Fwp%2Fv2%2Fmedia&parent=90"}],"curies":[{"name":"wp","href":"https:\/\/api.w.org\/{rel}","templated":true}]}}