{"id":93,"date":"2013-02-13T11:10:52","date_gmt":"2013-02-13T11:10:52","guid":{"rendered":"http:\/\/lannenvinttikoirat.net\/?page_id=93"},"modified":"2013-02-13T11:10:52","modified_gmt":"2013-02-13T11:10:52","slug":"tulokset-2009","status":"publish","type":"page","link":"https:\/\/lannenvinttikoirat.fi\/?page_id=93","title":{"rendered":"Tulokset 2009"},"content":{"rendered":"<h2>KIRJURINLUODON KIIHDYTYSKISAT 27.09.2009<\/h2>\n<p><center>Juostava matka 100 metri\u00e4. Huom! Nopeudet ovat keskituntinopeuksia,<br \/>\neiv\u00e4t tutkan n\u00e4ytt\u00e4mi\u00e4 nopeuksia johtuen tutkan ep\u00e4luotettavuudesta.<\/center><\/p>\n<h3><strong>Rhodesiankoira<\/strong><\/h3>\n<table width=\"533\" border=\"0\">\n<tbody>\n<tr>\n<td><strong>Sij.<\/strong><\/td>\n<td><strong>Nimi<\/strong><\/td>\n<td><strong>Omistaja<\/strong><\/td>\n<td><strong>Aika<\/strong><\/td>\n<td><strong>km\/h<\/strong><\/td>\n<\/tr>\n<tr>\n<td width=\"35\">1.<\/td>\n<td width=\"171\">Aku<\/td>\n<td width=\"164\">Sonja Saarinen<\/td>\n<td width=\"73\">8.01<\/td>\n<td width=\"68\">45<\/td>\n<\/tr>\n<tr>\n<td>2.<\/td>\n<td>Luna<\/td>\n<td>Hanna Ruohom\u00e4ki<\/td>\n<td>8.63<\/td>\n<td>42<\/td>\n<\/tr>\n<tr>\n<td>3.<\/td>\n<td>Iina<\/td>\n<td>Sonja Saarinen<\/td>\n<td>8.67<\/td>\n<td>42<\/td>\n<\/tr>\n<tr>\n<td>4.<\/td>\n<td>Tiiu<\/td>\n<td>Hanna Ruohom\u00e4ki<\/td>\n<td>9.34<\/td>\n<td>39<\/td>\n<\/tr>\n<tr>\n<td>5.<\/td>\n<td>Ditau<\/td>\n<td>Johanna Savolainen<\/td>\n<td>9.66<\/td>\n<td>37<\/td>\n<\/tr>\n<\/tbody>\n<\/table>\n<p>&nbsp;<\/p>\n<h3><strong>Afgaaninvinttikoira <\/strong><\/h3>\n<table width=\"533\" border=\"0\">\n<tbody>\n<tr>\n<td width=\"33\"><strong>Sij.<\/strong><\/td>\n<td width=\"169\"><strong>Nimi<\/strong><\/td>\n<td width=\"168\"><strong>Omistaja<\/strong><\/td>\n<td width=\"75\"><strong>Aika<\/strong><\/td>\n<td width=\"66\"><strong>km\/h<\/strong><\/td>\n<\/tr>\n<tr>\n<td>1.<\/td>\n<td>Pyry<\/td>\n<td>Tuulia Passilahti<\/td>\n<td>8.88<\/td>\n<td>41<\/td>\n<\/tr>\n<tr>\n<td>2.<\/td>\n<td>Danny<\/td>\n<td>Kirsi Hautam\u00e4ki<\/td>\n<td>9.53<\/td>\n<td>38<\/td>\n<\/tr>\n<\/tbody>\n<\/table>\n<p>&nbsp;<\/p>\n<h3><strong>Faaraokoira<\/strong><\/h3>\n<table width=\"533\" border=\"0\">\n<tbody>\n<tr>\n<td width=\"32\"><strong>Sij.<\/strong><\/td>\n<td width=\"166\"><strong>Nimi<\/strong><\/td>\n<td width=\"174\"><strong>Omistaja<\/strong><\/td>\n<td width=\"76\"><strong>Aika<\/strong><\/td>\n<td width=\"63\"><strong>km\/h<\/strong><\/td>\n<\/tr>\n<tr>\n<td>1.<\/td>\n<td>Lotus<\/td>\n<td>Ann Moring<\/td>\n<td>9.01<\/td>\n<td>40<\/td>\n<\/tr>\n<\/tbody>\n<\/table>\n<p>&nbsp;<\/p>\n<h3><strong>Ibizanpodengo<\/strong><\/h3>\n<table width=\"533\" border=\"0\">\n<tbody>\n<tr>\n<td width=\"28\"><strong>Sij.<\/strong><\/td>\n<td width=\"169\"><strong>Nimi<\/strong><\/td>\n<td width=\"177\"><strong>Omistaja<\/strong><\/td>\n<td width=\"77\"><strong>Aika<\/strong><\/td>\n<td width=\"60\"><strong>km\/h<\/strong><\/td>\n<\/tr>\n<tr>\n<td>1.<\/td>\n<td>Nys<\/td>\n<td>Hanna Taipale<\/td>\n<td>9.20<\/td>\n<td>39<\/td>\n<\/tr>\n<tr>\n<td>2.<\/td>\n<td>Edo<\/td>\n<td>Leena Taipale<\/td>\n<td>9.43<\/td>\n<td>38<\/td>\n<\/tr>\n<\/tbody>\n<\/table>\n<p>&nbsp;<\/p>\n<h3><strong>Puolanvinttikoira<\/strong><\/h3>\n<table width=\"533\" border=\"0\">\n<tbody>\n<tr>\n<td width=\"25\"><strong>Sij.<\/strong><\/td>\n<td width=\"170\"><strong>Nimi<\/strong><\/td>\n<td width=\"184\"><strong>Omistaja<\/strong><\/td>\n<td width=\"74\"><strong>Aika<\/strong><\/td>\n<td width=\"58\"><strong>km\/h<\/strong><\/td>\n<\/tr>\n<tr>\n<td>1.<\/td>\n<td>Letti<\/td>\n<td>Soile Lindvall<\/td>\n<td>7.73<\/td>\n<td>47<\/td>\n<\/tr>\n<\/tbody>\n<\/table>\n<p>&nbsp;<\/p>\n<h3><strong>Unkarinvinttikoira <\/strong><\/h3>\n<table width=\"533\" border=\"0\">\n<tbody>\n<tr>\n<td width=\"25\"><strong>Sij.<\/strong><\/td>\n<td width=\"170\"><strong>Nimi<\/strong><\/td>\n<td width=\"184\"><strong>Omistaja<\/strong><\/td>\n<td width=\"74\"><strong>Aika<\/strong><\/td>\n<td width=\"58\"><strong>km\/h<\/strong><\/td>\n<\/tr>\n<tr>\n<td>1.<\/td>\n<td>Stanley<\/td>\n<td>Seija V\u00e4nsk\u00e4-Huupponen<\/td>\n<td>7.66<\/td>\n<td>47<\/td>\n<\/tr>\n<\/tbody>\n<\/table>\n<p>&nbsp;<\/p>\n<h3><strong>Italianvinttikoira <\/strong><\/h3>\n<table width=\"533\" border=\"0\">\n<tbody>\n<tr>\n<td width=\"25\"><strong>Sij.<\/strong><\/td>\n<td width=\"170\"><strong>Nimi<\/strong><\/td>\n<td width=\"184\"><strong>Omistaja<\/strong><\/td>\n<td width=\"74\"><strong>Aika<\/strong><\/td>\n<td width=\"58\"><strong>km\/h<\/strong><\/td>\n<\/tr>\n<tr>\n<td>1.<\/td>\n<td>Usva<\/td>\n<td>Petriina Mansikka-Aho<\/td>\n<td>8.10<\/td>\n<td>44<\/td>\n<\/tr>\n<\/tbody>\n<\/table>\n<p>&nbsp;<\/p>\n<h3><strong>Azawakh <\/strong><\/h3>\n<table width=\"533\" border=\"0\">\n<tbody>\n<tr>\n<td width=\"25\"><strong>Sij.<\/strong><\/td>\n<td width=\"170\"><strong>Nimi<\/strong><\/td>\n<td width=\"184\"><strong>Omistaja<\/strong><\/td>\n<td width=\"74\"><strong>Aika<\/strong><\/td>\n<td width=\"58\"><strong>km\/h<\/strong><\/td>\n<\/tr>\n<tr>\n<td>1.<\/td>\n<td>Aida<\/td>\n<td>Outi Lehtonen<\/td>\n<td>9.34<\/td>\n<td>39<\/td>\n<\/tr>\n<\/tbody>\n<\/table>\n<p>&nbsp;<\/p>\n<h3><strong>Englanninvinttikoira <\/strong><\/h3>\n<table width=\"533\" border=\"0\">\n<tbody>\n<tr>\n<td width=\"33\"><strong>Sij.<\/strong><\/td>\n<td width=\"169\"><strong>Nimi<\/strong><\/td>\n<td width=\"168\"><strong>Omistaja<\/strong><\/td>\n<td width=\"75\"><strong>Aika<\/strong><\/td>\n<td width=\"66\"><strong>km\/h<\/strong><\/td>\n<\/tr>\n<tr>\n<td>1.<\/td>\n<td>Jasperi<\/td>\n<td>Arto Valonen<\/td>\n<td>5.96<\/td>\n<td>60<\/td>\n<\/tr>\n<tr>\n<td>2.<\/td>\n<td>Noki<\/td>\n<td>Marita Honkonen<\/td>\n<td>6.77<\/td>\n<td>53<\/td>\n<\/tr>\n<tr>\n<td>3.<\/td>\n<td>Iiris<\/td>\n<td>Reijo Viitanen<\/td>\n<td>9.68<\/td>\n<td>37<\/td>\n<\/tr>\n<\/tbody>\n<\/table>\n<p>&nbsp;<\/p>\n<h3><strong>Whippet <\/strong><\/h3>\n<table width=\"533\" border=\"0\">\n<tbody>\n<tr>\n<td><strong>Sij.<\/strong><\/td>\n<td><strong>Nimi<\/strong><\/td>\n<td><strong>Omistaja<\/strong><\/td>\n<td><strong>Aika<\/strong><\/td>\n<td><strong>km\/h<\/strong><\/td>\n<\/tr>\n<tr>\n<td width=\"35\">1.<\/td>\n<td width=\"171\">Napo<\/td>\n<td width=\"164\">Ulla Sax\u00e9n<\/td>\n<td width=\"73\">6.90<\/td>\n<td width=\"68\">52<\/td>\n<\/tr>\n<tr>\n<td>2.<\/td>\n<td>Hertta<\/td>\n<td>Jaana Jokisuo<\/td>\n<td>7.43<\/td>\n<td>48<\/td>\n<\/tr>\n<tr>\n<td>3.<\/td>\n<td>Ronja<\/td>\n<td>Marika Elomaa<\/td>\n<td>7.55<\/td>\n<td>48<\/td>\n<\/tr>\n<tr>\n<td>4.<\/td>\n<td>Zara<\/td>\n<td>Niina M\u00e4kinen<\/td>\n<td>7.78<\/td>\n<td>46<\/td>\n<\/tr>\n<tr>\n<td>5.<\/td>\n<td>Kira<\/td>\n<td>Marika Elomaa<\/td>\n<td>8.07<\/td>\n<td>45<\/td>\n<\/tr>\n<tr>\n<td>6.<\/td>\n<td>Luna<\/td>\n<td>Niina M\u00e4kinen<\/td>\n<td>9.00<\/td>\n<td>40<\/td>\n<\/tr>\n<tr>\n<td><\/td>\n<td>Usva<\/td>\n<td>Tuulia Passilahti<\/td>\n<td>&#8212;-<\/td>\n<td><\/td>\n<\/tr>\n<tr>\n<td><\/td>\n<td>Brick<\/td>\n<td>Tuulia Passilahti<\/td>\n<td>&#8212;-<\/td>\n<td><\/td>\n<\/tr>\n<tr>\n<td><\/td>\n<td>Onni<\/td>\n<td>Ari Kangasniemi<\/td>\n<td>&#8212;-<\/td>\n<td><\/td>\n<\/tr>\n<\/tbody>\n<\/table>\n<p>&nbsp;<\/p>\n<h3><strong>Saluki <\/strong><\/h3>\n<table width=\"533\" border=\"0\">\n<tbody>\n<tr>\n<td><strong>Sij.<\/strong><\/td>\n<td><strong>Nimi<\/strong><\/td>\n<td><strong>Omistaja<\/strong><\/td>\n<td><strong>Aika<\/strong><\/td>\n<td><strong>km\/h<\/strong><\/td>\n<\/tr>\n<tr>\n<td width=\"35\">1.<\/td>\n<td width=\"171\">Gimli<\/td>\n<td width=\"164\">Seija Kotti-Rantala<\/td>\n<td width=\"73\">7.62<\/td>\n<td width=\"68\">47<\/td>\n<\/tr>\n<tr>\n<td>2.<\/td>\n<td>Saana<\/td>\n<td>Iris Ritola<\/td>\n<td>7.69<\/td>\n<td>47<\/td>\n<\/tr>\n<tr>\n<td>3.<\/td>\n<td>Kukka<\/td>\n<td>Iris Ritola<\/td>\n<td>7.87<\/td>\n<td>46<\/td>\n<\/tr>\n<tr>\n<td>4.<\/td>\n<td>Osmo<\/td>\n<td>Lilli Ala-Outinen<\/td>\n<td>8.05<\/td>\n<td>45<\/td>\n<\/tr>\n<tr>\n<td>5.<\/td>\n<td>Mimi<\/td>\n<td>Kaija Allonen<\/td>\n<td>8.11<\/td>\n<td>44<\/td>\n<\/tr>\n<tr>\n<td>6.<\/td>\n<td>Ozzy<\/td>\n<td>Niina K\u00e4yhk\u00f6<\/td>\n<td>8.17<\/td>\n<td>44<\/td>\n<\/tr>\n<tr>\n<td>7.<\/td>\n<td>Nalle<\/td>\n<td>Kaija Allonen<\/td>\n<td>8.20<\/td>\n<td>44<\/td>\n<\/tr>\n<tr>\n<td>8.<\/td>\n<td>Shaklan<\/td>\n<td>Tiina Kopra<\/td>\n<td>8.44<\/td>\n<td>43<\/td>\n<\/tr>\n<tr>\n<td>9.<\/td>\n<td>Jyk\u00e4<\/td>\n<td>Marika Vartiainen<\/td>\n<td>8.53<\/td>\n<td>42<\/td>\n<\/tr>\n<tr>\n<td>10.<\/td>\n<td>Iisak<\/td>\n<td>Tiina Kopra<\/td>\n<td>8.86<\/td>\n<td>41<\/td>\n<\/tr>\n<tr>\n<td>11.<\/td>\n<td>Sony<\/td>\n<td>Niina K\u00e4yhk\u00f6<\/td>\n<td>8.98<\/td>\n<td>40<\/td>\n<\/tr>\n<tr>\n<td>12.<\/td>\n<td>Sarek<\/td>\n<td>Marika Vartiainen<\/td>\n<td>9.09<\/td>\n<td>40<\/td>\n<\/tr>\n<tr>\n<td>13.<\/td>\n<td>Ryyni<\/td>\n<td>Iris Ritola<\/td>\n<td>9.25<\/td>\n<td>39<\/td>\n<\/tr>\n<\/tbody>\n<\/table>\n<p>&nbsp;<\/p>\n<h3><strong>Pennut <\/strong><\/h3>\n<table width=\"533\" border=\"0\">\n<tbody>\n<tr>\n<td width=\"33\"><strong>Sij.<\/strong><\/td>\n<td width=\"169\"><strong>Nimi\/rotu<\/strong><\/td>\n<td width=\"168\"><strong>Omistaja<\/strong><\/td>\n<td width=\"75\"><strong>Aika<\/strong><\/td>\n<td width=\"66\"><strong>km\/h<\/strong><\/td>\n<\/tr>\n<tr>\n<td>1.<\/td>\n<td>Bianca\/faaraokoira<\/td>\n<td>Ann Moring<\/td>\n<td>9.72<\/td>\n<td>37<\/td>\n<\/tr>\n<tr>\n<td>2.<\/td>\n<td>Havu\/kk.kettuterrieri<\/td>\n<td>Ansku Kontio<\/td>\n<td>&#8212;-<\/td>\n<td><\/td>\n<\/tr>\n<tr>\n<td>3.<\/td>\n<td>Nino\/italianvinttikoira<\/td>\n<td>Aino Ylinen<\/td>\n<td>&#8212;-<\/td>\n<td><\/td>\n<\/tr>\n<\/tbody>\n<\/table>\n<p>&nbsp;<\/p>\n<h3>Ei-vinttikoirat\/isot<\/h3>\n<table width=\"533\" border=\"0\">\n<tbody>\n<tr>\n<td><strong>Sij.<\/strong><\/td>\n<td><strong>Nimi<\/strong><\/td>\n<td><strong>Rotu<\/strong><\/td>\n<td><strong>Omistaja<\/strong><\/td>\n<td><strong>Aika<\/strong><\/td>\n<td><strong>km\/h<\/strong><\/td>\n<\/tr>\n<tr>\n<td width=\"29\">1.<\/td>\n<td width=\"87\">Rokki<\/td>\n<td width=\"133\">lapinporokoira<\/td>\n<td width=\"151\">Maria Vainio<\/td>\n<td width=\"61\">8.44<\/td>\n<td width=\"46\">43<\/td>\n<\/tr>\n<tr>\n<td>2.<\/td>\n<td>Riffi<\/td>\n<td>lk. collie<\/td>\n<td>Laura Katajam\u00e4ki<\/td>\n<td>8.94<\/td>\n<td>40<\/td>\n<\/tr>\n<tr>\n<td>3.<\/td>\n<td>Haiku<\/td>\n<td>bpk tervueren<\/td>\n<td>Riikka M\u00e4kel\u00e4<\/td>\n<td>9.24<\/td>\n<td>39<\/td>\n<\/tr>\n<tr>\n<td>4.<\/td>\n<td>Nefer<\/td>\n<td>x-rotu<\/td>\n<td>Marissa Marjam\u00e4ki<\/td>\n<td>10.00<\/td>\n<td>36<\/td>\n<\/tr>\n<tr>\n<td>5.<\/td>\n<td>Heta<\/td>\n<td>bpk malinois<\/td>\n<td>Juha Heino<\/td>\n<td>10.01<\/td>\n<td>36<\/td>\n<\/tr>\n<tr>\n<td>6.<\/td>\n<td>Nemo<\/td>\n<td>bpk tervueren<\/td>\n<td>Kaisa R\u00e4s\u00e4nen<\/td>\n<td>10.15<\/td>\n<td>35<\/td>\n<\/tr>\n<tr>\n<td>7.<\/td>\n<td>Into<\/td>\n<td>hovawart<\/td>\n<td>Heli M\u00e4kiaho<\/td>\n<td>10.26<\/td>\n<td>35<\/td>\n<\/tr>\n<tr>\n<td>8.<\/td>\n<td>Frida<\/td>\n<td>dobermanni<\/td>\n<td>Jenni Vuorio<\/td>\n<td>10.59<\/td>\n<td>34<\/td>\n<\/tr>\n<tr>\n<td>9.<\/td>\n<td>Chico<\/td>\n<td>x-rotu<\/td>\n<td>Nina M\u00e4ki-Kihni\u00e4<\/td>\n<td>10.91<\/td>\n<td>33<\/td>\n<\/tr>\n<tr>\n<td>10.<\/td>\n<td>Peppi<\/td>\n<td>bpk tervueren<\/td>\n<td>Kaisa R\u00e4s\u00e4nen<\/td>\n<td>10.96<\/td>\n<td>33<\/td>\n<\/tr>\n<tr>\n<td>11.<\/td>\n<td>Vilperi<\/td>\n<td>x-rotu<\/td>\n<td>Jenni Hacklin<\/td>\n<td>11.12<\/td>\n<td>32<\/td>\n<\/tr>\n<tr>\n<td>11.<\/td>\n<td>Niitu<\/td>\n<td>suomenlapinkoira<\/td>\n<td>Riikka M\u00e4kel\u00e4<\/td>\n<td>11.12<\/td>\n<td>32<\/td>\n<\/tr>\n<tr>\n<td>13.<\/td>\n<td>Luke<\/td>\n<td>valk.paimenkoira<\/td>\n<td>Katriina Erkkil\u00e4<\/td>\n<td>11.25<\/td>\n<td>32<\/td>\n<\/tr>\n<tr>\n<td>14.<\/td>\n<td>Vito<\/td>\n<td>saksanpaimenkoira<\/td>\n<td>Katja Vuorij\u00e4\u00e4<\/td>\n<td>15.75<\/td>\n<td>27<\/td>\n<\/tr>\n<tr>\n<td>.<\/td>\n<td>Pressa<\/td>\n<td>perunkarvatonkoira<\/td>\n<td>Miia Haikonen<\/td>\n<td>&#8212;-<\/td>\n<td><\/td>\n<\/tr>\n<tr>\n<td><\/td>\n<td>Limbo<\/td>\n<td>dobermanni<\/td>\n<td>Sini Ovaskainen<\/td>\n<td>&#8212;-<\/td>\n<td><\/td>\n<\/tr>\n<\/tbody>\n<\/table>\n<p>&nbsp;<\/p>\n<h3>Ei-Vinttikoirat, Pienet<\/h3>\n<table width=\"533\" border=\"0\">\n<tbody>\n<tr>\n<td><strong>Sij.<\/strong><\/td>\n<td><strong>Nimi<\/strong><\/td>\n<td><strong>Rotu<\/strong><\/td>\n<td><strong>Omistaja<\/strong><\/td>\n<td><strong>Aika<\/strong><\/td>\n<td><strong>km\/h<\/strong><\/td>\n<\/tr>\n<tr>\n<td width=\"29\">1.<\/td>\n<td width=\"88\">Vilma<\/td>\n<td width=\"119\">x-rotu<\/td>\n<td width=\"166\">Kristian Valkolumme<\/td>\n<td width=\"63\">9.01<\/td>\n<td width=\"42\">40<\/td>\n<\/tr>\n<tr>\n<td>2.<\/td>\n<td>Ripsu<\/td>\n<td>jackrussel<\/td>\n<td>Tatjaana Havia<\/td>\n<td>10.66<\/td>\n<td>34<\/td>\n<\/tr>\n<tr>\n<td>3.<\/td>\n<td>Rambo<\/td>\n<td>staffi<\/td>\n<td>Hanna-Leena Laaksonen<\/td>\n<td>11.23<\/td>\n<td>32<\/td>\n<\/tr>\n<tr>\n<td>4.<\/td>\n<td>Viivi<\/td>\n<td>kooikerhondje<\/td>\n<td>Mari Isotupa<\/td>\n<td>11.52<\/td>\n<td>31<\/td>\n<\/tr>\n<tr>\n<td>5.<\/td>\n<td>Jedi<\/td>\n<td>jackrussel<\/td>\n<td>Jenni Lehtikangas<\/td>\n<td>12.72<\/td>\n<td>28<\/td>\n<\/tr>\n<tr>\n<td>6.<\/td>\n<td>Sara<\/td>\n<td>kiinanharjakoira<\/td>\n<td>Anne-Marie Uoma<\/td>\n<td>26.48<\/td>\n<td>16<\/td>\n<\/tr>\n<tr>\n<td><\/td>\n<td>Selma<\/td>\n<td>sk. kettuterrieri<\/td>\n<td>Ansku Kontio<\/td>\n<td>&#8212;-<\/td>\n<td><\/td>\n<\/tr>\n<tr>\n<td><\/td>\n<td>Kotte<\/td>\n<td>mopsi<\/td>\n<td>Matias Sundelin<\/td>\n<td>&#8212;-<\/td>\n<td><\/td>\n<\/tr>\n<tr>\n<td><\/td>\n<td>Ilona<\/td>\n<td>jackrussel<\/td>\n<td>Miia Vallin<\/td>\n<td>&#8212;-<\/td>\n<td><\/td>\n<\/tr>\n<\/tbody>\n<\/table>\n<hr \/>\n<h2>SPRINTTI-ILLAN TULOKSET 30.07.2009<\/h2>\n<h3>Pienet Koirat 100m<\/h3>\n<table width=\"362\" border=\"0\">\n<tbody>\n<tr>\n<td height=\"26\"><strong>sij.<\/strong><\/td>\n<td><strong>Nimi<\/strong><\/td>\n<td><strong>aika<\/strong><\/td>\n<td><strong>nopeus km\/h <\/strong><\/td>\n<\/tr>\n<tr>\n<td width=\"24\" height=\"26\">1.<\/td>\n<td width=\"160\">Zara<\/td>\n<td width=\"74\">06.98<\/td>\n<td width=\"86\">51,6<\/td>\n<\/tr>\n<tr>\n<td height=\"28\">2.<\/td>\n<td>Ronja<\/td>\n<td>07.03<\/td>\n<td>51,2<\/td>\n<\/tr>\n<tr>\n<td height=\"25\">3.<\/td>\n<td>Lintu<\/td>\n<td>07.10<\/td>\n<td>50,7<\/td>\n<\/tr>\n<tr>\n<td height=\"24\">4.<\/td>\n<td>Usva<\/td>\n<td>07.20<\/td>\n<td>50,0<\/td>\n<\/tr>\n<tr>\n<td height=\"27\">5.<\/td>\n<td>Kira<\/td>\n<td>07.48<\/td>\n<td>48,1<\/td>\n<\/tr>\n<tr>\n<td height=\"26\">6.<\/td>\n<td>Lyyli<\/td>\n<td>08.88<\/td>\n<td>40,5<\/td>\n<\/tr>\n<tr>\n<td height=\"28\">7.<\/td>\n<td>Sella<\/td>\n<td>09.07<\/td>\n<td>39,7<\/td>\n<\/tr>\n<tr>\n<td height=\"28\">8.<\/td>\n<td>Tessa<\/td>\n<td>09.72<\/td>\n<td>37,0<\/td>\n<\/tr>\n<tr>\n<td height=\"28\">9.<\/td>\n<td>Netta<\/td>\n<td>10.04<\/td>\n<td>35,9<\/td>\n<\/tr>\n<tr>\n<td height=\"29\">10.<\/td>\n<td>Luna<\/td>\n<td>11.42<\/td>\n<td>31,5<\/td>\n<\/tr>\n<\/tbody>\n<\/table>\n<div id=\"Layer2\"><\/div>\n<h3>Isot Koirat 100m<\/h3>\n<table width=\"362\" border=\"0\">\n<tbody>\n<tr>\n<td height=\"28\"><strong>sij.<\/strong><\/td>\n<td><strong>Nimi<\/strong><\/td>\n<td><strong>aika<\/strong><\/td>\n<td><strong>nopeus km\/h <\/strong><\/td>\n<\/tr>\n<tr>\n<td width=\"24\" height=\"28\">1.<\/td>\n<td width=\"160\">Kimi<\/td>\n<td width=\"74\">06.99<\/td>\n<td width=\"86\">51,5<\/td>\n<\/tr>\n<tr>\n<td height=\"27\">2.<\/td>\n<td>Saana<\/td>\n<td>07.10<\/td>\n<td>50,7<\/td>\n<\/tr>\n<tr>\n<td height=\"26\">3.<\/td>\n<td>Awa<\/td>\n<td>07.25<\/td>\n<td>49,7<\/td>\n<\/tr>\n<tr>\n<td height=\"26\">4.<\/td>\n<td>Mimi<\/td>\n<td>07.69<\/td>\n<td>46,8<\/td>\n<\/tr>\n<tr>\n<td height=\"25\">4.<\/td>\n<td>Sony<\/td>\n<td>07.69<\/td>\n<td>46,8<\/td>\n<\/tr>\n<tr>\n<td height=\"26\">6.<\/td>\n<td>Nalle<\/td>\n<td>07.72<\/td>\n<td>46,6<\/td>\n<\/tr>\n<tr>\n<td height=\"26\">7.<\/td>\n<td>Nasu<\/td>\n<td>08.13<\/td>\n<td>44,3<\/td>\n<\/tr>\n<tr>\n<td height=\"26\">8.<\/td>\n<td>Ozzy<\/td>\n<td>08.25<\/td>\n<td>43,6<\/td>\n<\/tr>\n<tr>\n<td height=\"27\">9.<\/td>\n<td>Ryyni<\/td>\n<td>08.33<\/td>\n<td>43,2<\/td>\n<\/tr>\n<tr>\n<td height=\"25\">10.<\/td>\n<td>Ronny<\/td>\n<td>08.44<\/td>\n<td>42,7<\/td>\n<\/tr>\n<tr>\n<td height=\"25\">11.<\/td>\n<td>Rokki<\/td>\n<td>08.50<\/td>\n<td>42,4<\/td>\n<\/tr>\n<tr>\n<td height=\"26\">12.<\/td>\n<td>Luna<\/td>\n<td>08.97<\/td>\n<td>40,1<\/td>\n<\/tr>\n<tr>\n<td height=\"25\">13.<\/td>\n<td>Danny<\/td>\n<td>09.01<\/td>\n<td>40,0<\/td>\n<\/tr>\n<tr>\n<td height=\"28\">14.<\/td>\n<td>Tikru<\/td>\n<td>09.06<\/td>\n<td>39,7<\/td>\n<\/tr>\n<tr>\n<td height=\"26\">15.<\/td>\n<td>Elsa<\/td>\n<td>09.47<\/td>\n<td>38,0<\/td>\n<\/tr>\n<tr>\n<td height=\"27\">16.<\/td>\n<td>Tiiu<\/td>\n<td>09.54<\/td>\n<td>37,7<\/td>\n<\/tr>\n<tr>\n<td height=\"27\">17.<\/td>\n<td>Enja<\/td>\n<td>10.01<\/td>\n<td>36,0<\/td>\n<\/tr>\n<\/tbody>\n<\/table>\n<p>&nbsp;<\/p>\n","protected":false},"excerpt":{"rendered":"<p>KIRJURINLUODON KIIHDYTYSKISAT 27.09.2009 Juostava matka 100 metri\u00e4. Huom! Nopeudet ovat keskituntinopeuksia, eiv\u00e4t tutkan n\u00e4ytt\u00e4mi\u00e4 nopeuksia johtuen tutkan ep\u00e4luotettavuudesta. Rhodesiankoira Sij. Nimi Omistaja Aika km\/h 1. Aku Sonja Saarinen 8.01 45 2. Luna Hanna Ruohom\u00e4ki 8.63 42 3. Iina Sonja Saarinen 8.67 42 4. Tiiu Hanna Ruohom\u00e4ki 9.34 39 5. Ditau Johanna Savolainen 9.66 37 &nbsp; [&hellip;]<\/p>\n","protected":false},"author":3,"featured_media":0,"parent":0,"menu_order":0,"comment_status":"open","ping_status":"open","template":"","meta":{"footnotes":""},"class_list":["post-93","page","type-page","status-publish","hentry"],"_links":{"self":[{"href":"https:\/\/lannenvinttikoirat.fi\/index.php?rest_route=\/wp\/v2\/pages\/93","targetHints":{"allow":["GET"]}}],"collection":[{"href":"https:\/\/lannenvinttikoirat.fi\/index.php?rest_route=\/wp\/v2\/pages"}],"about":[{"href":"https:\/\/lannenvinttikoirat.fi\/index.php?rest_route=\/wp\/v2\/types\/page"}],"author":[{"embeddable":true,"href":"https:\/\/lannenvinttikoirat.fi\/index.php?rest_route=\/wp\/v2\/users\/3"}],"replies":[{"embeddable":true,"href":"https:\/\/lannenvinttikoirat.fi\/index.php?rest_route=%2Fwp%2Fv2%2Fcomments&post=93"}],"version-history":[{"count":1,"href":"https:\/\/lannenvinttikoirat.fi\/index.php?rest_route=\/wp\/v2\/pages\/93\/revisions"}],"predecessor-version":[{"id":94,"href":"https:\/\/lannenvinttikoirat.fi\/index.php?rest_route=\/wp\/v2\/pages\/93\/revisions\/94"}],"wp:attachment":[{"href":"https:\/\/lannenvinttikoirat.fi\/index.php?rest_route=%2Fwp%2Fv2%2Fmedia&parent=93"}],"curies":[{"name":"wp","href":"https:\/\/api.w.org\/{rel}","templated":true}]}}